{"id":11,"date":"2021-11-21T15:12:46","date_gmt":"2021-11-21T15:12:46","guid":{"rendered":"https:\/\/physioevolutionmx.com\/index.php\/home\/"},"modified":"2024-02-13T00:00:24","modified_gmt":"2024-02-13T00:00:24","slug":"home","status":"publish","type":"page","link":"https:\/\/physioevolutionmx.com\/","title":{"rendered":"INICIO"},"content":{"rendered":"\t\t<div data-elementor-type=\"wp-page\" data-elementor-id=\"11\" class=\"elementor elementor-11\">\n\t\t\t\t\t\t\t\t\t<section class=\"elementor-section elementor-top-section elementor-element elementor-element-ca7541c elementor-section-height-full animated-slow elementor-section-boxed elementor-section-height-default elementor-section-items-middle elementor-invisible\" data-id=\"ca7541c\" data-element_type=\"section\" data-settings=\"{&quot;background_background&quot;:&quot;classic&quot;,&quot;animation&quot;:&quot;bounceIn&quot;}\">\n\t\t\t\t\t\t\t<div class=\"elementor-background-overlay\"><\/div>\n\t\t\t\t\t\t\t<div class=\"elementor-container elementor-column-gap-default\">\n\t\t\t\t\t<div class=\"elementor-column elementor-col-100 elementor-top-column elementor-element elementor-element-be10890\" data-id=\"be10890\" data-element_type=\"column\">\n\t\t\t<div class=\"elementor-widget-wrap elementor-element-populated\">\n\t\t\t\t\t\t\t\t<div class=\"elementor-element elementor-element-0708f7f elementor-widget elementor-widget-heading\" data-id=\"0708f7f\" data-element_type=\"widget\" data-widget_type=\"heading.default\">\n\t\t\t\t<div class=\"elementor-widget-container\">\n\t\t\t<style>\/*! elementor - v3.17.0 - 25-10-2023 *\/\n.elementor-heading-title{padding:0;margin:0;line-height:1}.elementor-widget-heading .elementor-heading-title[class*=elementor-size-]>a{color:inherit;font-size:inherit;line-height:inherit}.elementor-widget-heading .elementor-heading-title.elementor-size-small{font-size:15px}.elementor-widget-heading .elementor-heading-title.elementor-size-medium{font-size:19px}.elementor-widget-heading .elementor-heading-title.elementor-size-large{font-size:29px}.elementor-widget-heading .elementor-heading-title.elementor-size-xl{font-size:39px}.elementor-widget-heading .elementor-heading-title.elementor-size-xxl{font-size:59px}<\/style><h1 class=\"elementor-heading-title elementor-size-default\"><br><b>PHYSIO<\/b>EVOLUTION<\/h1>\t\t<\/div>\n\t\t\t\t<\/div>\n\t\t\t\t<div class=\"elementor-element elementor-element-ffe4386 elementor-widget elementor-widget-text-editor\" data-id=\"ffe4386\" data-element_type=\"widget\" data-widget_type=\"text-editor.default\">\n\t\t\t\t<div class=\"elementor-widget-container\">\n\t\t\t<style>\/*! elementor - v3.17.0 - 25-10-2023 *\/\n.elementor-widget-text-editor.elementor-drop-cap-view-stacked .elementor-drop-cap{background-color:#69727d;color:#fff}.elementor-widget-text-editor.elementor-drop-cap-view-framed .elementor-drop-cap{color:#69727d;border:3px solid;background-color:transparent}.elementor-widget-text-editor:not(.elementor-drop-cap-view-default) .elementor-drop-cap{margin-top:8px}.elementor-widget-text-editor:not(.elementor-drop-cap-view-default) .elementor-drop-cap-letter{width:1em;height:1em}.elementor-widget-text-editor .elementor-drop-cap{float:left;text-align:center;line-height:1;font-size:50px}.elementor-widget-text-editor .elementor-drop-cap-letter{display:inline-block}<\/style>\t\t\t\t\t\t\t\t\t\t<\/div>\n\t\t\t\t<\/div>\n\t\t\t\t\t<\/div>\n\t\t<\/div>\n\t\t\t\t\t\t\t<\/div>\n\t\t<\/section>\n\t\t\t\t<section class=\"elementor-section elementor-top-section elementor-element elementor-element-7701125 elementor-section-full_width elementor-section-height-default elementor-section-height-default elementor-invisible\" data-id=\"7701125\" data-element_type=\"section\" data-settings=\"{&quot;animation&quot;:&quot;bounceIn&quot;}\">\n\t\t\t\t\t\t<div class=\"elementor-container elementor-column-gap-default\">\n\t\t\t\t\t<div class=\"elementor-column elementor-col-100 elementor-top-column elementor-element elementor-element-9ad04ba\" data-id=\"9ad04ba\" data-element_type=\"column\">\n\t\t\t<div class=\"elementor-widget-wrap elementor-element-populated\">\n\t\t\t\t\t\t\t\t<div class=\"elementor-element elementor-element-901f443 elementor-widget__width-initial elementor-invisible elementor-widget elementor-widget-heading\" data-id=\"901f443\" data-element_type=\"widget\" data-settings=\"{&quot;_animation&quot;:&quot;fadeInDown&quot;}\" data-widget_type=\"heading.default\">\n\t\t\t\t<div class=\"elementor-widget-container\">\n\t\t\t<h2 class=\"elementor-heading-title elementor-size-default\"><b>\"Somos un equipo de fisioterapeutas comprometidos con las necesidades de cada uno de nuestros pacientes, proporcionando un tratamiento personalizado para cada uno de ellos\"<\/b><\/h2>\t\t<\/div>\n\t\t\t\t<\/div>\n\t\t\t\t<div class=\"elementor-element elementor-element-58e7e0b elementor-invisible elementor-widget elementor-widget-heading\" data-id=\"58e7e0b\" data-element_type=\"widget\" data-settings=\"{&quot;_animation&quot;:&quot;slideInDown&quot;}\" data-widget_type=\"heading.default\">\n\t\t\t\t<div class=\"elementor-widget-container\">\n\t\t\t<h2 class=\"elementor-heading-title elementor-size-default\"><br><br><b>IDENTIFICA TU NECESIDAD<\/b><\/h2>\t\t<\/div>\n\t\t\t\t<\/div>\n\t\t\t\t<div class=\"elementor-element elementor-element-607c722 elementor-widget elementor-widget-ucaddon_post_blocks\" data-id=\"607c722\" data-element_type=\"widget\" data-widget_type=\"ucaddon_post_blocks.default\">\n\t\t\t\t<div class=\"elementor-widget-container\">\n\t\t\t<!-- start Post Blocks -->\n\t\t<link id='font-awesome-css' href='https:\/\/physioevolutionmx.com\/wp-content\/plugins\/unlimited-elements-for-elementor\/assets_libraries\/font-awesome5\/css\/fontawesome-all.min.css' type='text\/css' rel='stylesheet' >\n\t\t<link id='font-awesome-4-shim-css' href='https:\/\/physioevolutionmx.com\/wp-content\/plugins\/unlimited-elements-for-elementor\/assets_libraries\/font-awesome5\/css\/fontawesome-v4-shims.css' type='text\/css' rel='stylesheet' >\n\n\t\t\t<style type=\"text\/css\">\/* widget: Post Blocks *\/\n\n\n\n#uc_post_blocks_elementor_607c722 {\n    display:grid;\n}\n#uc_post_blocks_elementor_607c722 .ue_post_blocks_box\n{\n  overflow:hidden;\n}\n\n#uc_post_blocks_elementor_607c722 .ue_post_blocks_image\n{\n  overflow:hidden;\n}\n#uc_post_blocks_elementor_607c722 .ue_post_blocks_image img\n{\n  width:100%;\n  display:block;\n}\n#uc_post_blocks_elementor_607c722 .ue_post_blocks_link a\n{\n  display:inline-block;\n  text-decoration:none;\n  text-align:center;\n}\n\n\n#uc_post_blocks_elementor_607c722 .ue-grid-item-meta-data\n{\n  display:inlin-flex;\n  flex-wrap: wrap;\n}\n\n.ue-grid-item-meta-data\n{\n  font-size:12px;\n}\n\n#uc_post_blocks_elementor_607c722 .ue-grid-item-meta-data-icon\n{\n  line-height:1em;\n}\n\n#uc_post_blocks_elementor_607c722 .ue-grid-item-meta-data-icon svg\n{\n  width:1em;\n  height:1em;\n}\n\n#uc_post_blocks_elementor_607c722 .ue_post_blocks_box{\n  display: flex;\n  flex-direction: column;\n}\n#uc_post_blocks_elementor_607c722 .ue_post_blocks_content{\n display: flex; flex-grow: 1;\n flex-direction: column;\n}\n#uc_post_blocks_elementor_607c722 .ue_post_blocks_link{ margin-top: auto;\n}\n\n.ue-grid-item-category a\n{\n  display:inline-block;\n  font-size:10px;\n  text-transform:uppercase;\n}\n\n\n\n\n<\/style>\n\n\t\t\t<div id=\"uc_post_blocks_elementor_607c722\" class=\"ue_post_blocks uc-items-wrapper \" >\n    <div class=\"ue_post_blocks_box\">\n    <div class=\"ue_post_blocks_image\">\n    <a href=\"https:\/\/physioevolutionmx.com\/index.php\/2023\/11\/07\/fisioterapia-piso-pelvico\/\" style=\"display:block;\"><img fetchpriority=\"high\" decoding=\"async\" src=\"https:\/\/physioevolutionmx.com\/wp-content\/uploads\/2023\/11\/que-es-la-fisioterapia-de-suelo-pelvico-768x768.jpg\"  src=\"https:\/\/physioevolutionmx.com\/wp-content\/uploads\/2023\/11\/que-es-la-fisioterapia-de-suelo-pelvico-768x768.jpg\" alt=\"que-es-la-fisioterapia-de-suelo-pelvico\" width=\"768\" height=\"768\"><\/a>\n  <\/div>\n    <div class=\"ue_post_blocks_content\">\n      \n     \n         \n    <div class=\"ue_post_blocks_title\"><a href=\"https:\/\/physioevolutionmx.com\/index.php\/2023\/11\/07\/fisioterapia-piso-pelvico\/\">Fisioterapia piso p\u00e9lvico<\/a><\/div>    \n        \n    \n    <div class=\"ue_post_blocks_text\">Especialidad dedicada a prevenir y tratar disfunciones de la musculatura p\u00e9lviperinial, que se puede...<\/div>        \t<div class=\"ue_post_blocks_link\">\n          <a class=\" \" href='https:\/\/physioevolutionmx.com\/index.php\/2023\/11\/07\/fisioterapia-piso-pelvico\/'>Read More<\/a>\n    \t<\/div>\n      <\/div>\n<\/div>\n<div class=\"ue_post_blocks_box\">\n    <div class=\"ue_post_blocks_image\">\n    <a href=\"https:\/\/physioevolutionmx.com\/index.php\/2023\/11\/07\/fisioterapia-pediatrica\/\" style=\"display:block;\"><img decoding=\"async\" src=\"https:\/\/physioevolutionmx.com\/wp-content\/uploads\/2023\/11\/descarga-1.jpg\"  src=\"https:\/\/physioevolutionmx.com\/wp-content\/uploads\/2023\/11\/descarga-1.jpg\" alt=\"descarga (1)\" width=\"275\" height=\"183\"><\/a>\n  <\/div>\n    <div class=\"ue_post_blocks_content\">\n      \n     \n         \n    <div class=\"ue_post_blocks_title\"><a href=\"https:\/\/physioevolutionmx.com\/index.php\/2023\/11\/07\/fisioterapia-pediatrica\/\">Fisioterapia pedi\u00e1trica<\/a><\/div>    \n        \n    \n    <div class=\"ue_post_blocks_text\">Dirigida a prevenir y corregir alteraciones posturales, del movimiento y anat\u00f3micas, para desarrollar...<\/div>        \t<div class=\"ue_post_blocks_link\">\n          <a class=\" \" href='https:\/\/physioevolutionmx.com\/index.php\/2023\/11\/07\/fisioterapia-pediatrica\/'>Read More<\/a>\n    \t<\/div>\n      <\/div>\n<\/div>\n<div class=\"ue_post_blocks_box\">\n    <div class=\"ue_post_blocks_image\">\n    <a href=\"https:\/\/physioevolutionmx.com\/index.php\/2023\/11\/07\/fisioterapia-geriatrica\/\" style=\"display:block;\"><img decoding=\"async\" src=\"https:\/\/physioevolutionmx.com\/wp-content\/uploads\/2023\/11\/fisioterapia-neurologica-CROP.jpg\"  src=\"https:\/\/physioevolutionmx.com\/wp-content\/uploads\/2023\/11\/fisioterapia-neurologica-CROP.jpg\" alt=\"fisioterapia-neurologica-CROP\" width=\"305\" height=\"203\"><\/a>\n  <\/div>\n    <div class=\"ue_post_blocks_content\">\n      \n     \n         \n    <div class=\"ue_post_blocks_title\"><a href=\"https:\/\/physioevolutionmx.com\/index.php\/2023\/11\/07\/fisioterapia-geriatrica\/\">Fisioterapia Geri\u00e1trica<\/a><\/div>    \n        \n    \n    <div class=\"ue_post_blocks_text\">Busca proporcionar una mejor calidad de vida ante lesiones degenerativas o enfermedades propias de la...<\/div>        \t<div class=\"ue_post_blocks_link\">\n          <a class=\" \" href='https:\/\/physioevolutionmx.com\/index.php\/2023\/11\/07\/fisioterapia-geriatrica\/'>Read More<\/a>\n    \t<\/div>\n      <\/div>\n<\/div>\n<div class=\"ue_post_blocks_box\">\n    <div class=\"ue_post_blocks_image\">\n    <a href=\"https:\/\/physioevolutionmx.com\/index.php\/2023\/11\/06\/fisioterapia-neurologica\/\" style=\"display:block;\"><img loading=\"lazy\" decoding=\"async\" src=\"https:\/\/physioevolutionmx.com\/wp-content\/uploads\/2023\/11\/fisioterapia-neurologica-2.jpg\"  src=\"https:\/\/physioevolutionmx.com\/wp-content\/uploads\/2023\/11\/fisioterapia-neurologica-2.jpg\" alt=\"fisioterapia-neurologica-2\" width=\"281\" height=\"577\"><\/a>\n  <\/div>\n    <div class=\"ue_post_blocks_content\">\n      \n     \n         \n    <div class=\"ue_post_blocks_title\"><a href=\"https:\/\/physioevolutionmx.com\/index.php\/2023\/11\/06\/fisioterapia-neurologica\/\">Fisioterapia neurol\u00f3gica<\/a><\/div>    \n        \n    \n    <div class=\"ue_post_blocks_text\">Aborda todas aquellas limitaciones y restricciones que el cuerpo puede sufrir por una lesi\u00f3n o lesiones...<\/div>        \t<div class=\"ue_post_blocks_link\">\n          <a class=\" \" href='https:\/\/physioevolutionmx.com\/index.php\/2023\/11\/06\/fisioterapia-neurologica\/'>Read More<\/a>\n    \t<\/div>\n      <\/div>\n<\/div>\n<div class=\"ue_post_blocks_box\">\n    <div class=\"ue_post_blocks_image\">\n    <a href=\"https:\/\/physioevolutionmx.com\/index.php\/2023\/11\/06\/fisioterapia-deportiva-y-ortopedica\/\" style=\"display:block;\"><img loading=\"lazy\" decoding=\"async\" src=\"https:\/\/physioevolutionmx.com\/wp-content\/uploads\/2023\/11\/fisioterapia-deportiva-1.jpg\"  src=\"https:\/\/physioevolutionmx.com\/wp-content\/uploads\/2023\/11\/fisioterapia-deportiva-1.jpg\" alt=\"Partial View Of Physiotherapist Massaging Leg Of Football Player In Hospital\" width=\"570\" height=\"465\"><\/a>\n  <\/div>\n    <div class=\"ue_post_blocks_content\">\n      \n     \n         \n    <div class=\"ue_post_blocks_title\"><a href=\"https:\/\/physioevolutionmx.com\/index.php\/2023\/11\/06\/fisioterapia-deportiva-y-ortopedica\/\">Fisioterapia deportiva y ortop\u00e9dica<\/a><\/div>    \n        \n    \n    <div class=\"ue_post_blocks_text\">Aborda principalmente a los componentes del sistema musculoesquel\u00e9tico como son huesos, m\u00fasculos, tendones...<\/div>        \t<div class=\"ue_post_blocks_link\">\n          <a class=\" \" href='https:\/\/physioevolutionmx.com\/index.php\/2023\/11\/06\/fisioterapia-deportiva-y-ortopedica\/'>Read More<\/a>\n    \t<\/div>\n      <\/div>\n<\/div>\n\n<\/div>\n\t\t\t<!-- end Post Blocks -->\t\t<\/div>\n\t\t\t\t<\/div>\n\t\t\t\t\t<\/div>\n\t\t<\/div>\n\t\t\t\t\t\t\t<\/div>\n\t\t<\/section>\n\t\t\t\t<section class=\"elementor-section elementor-top-section elementor-element elementor-element-ae8ce41 elementor-section-boxed elementor-section-height-default elementor-section-height-default\" data-id=\"ae8ce41\" data-element_type=\"section\">\n\t\t\t\t\t\t<div class=\"elementor-container elementor-column-gap-default\">\n\t\t\t\t\t<div class=\"elementor-column elementor-col-100 elementor-top-column elementor-element elementor-element-0ec8b6e elementor-hidden-mobile\" data-id=\"0ec8b6e\" data-element_type=\"column\">\n\t\t\t<div class=\"elementor-widget-wrap\">\n\t\t\t\t\t\t\t\t\t<\/div>\n\t\t<\/div>\n\t\t\t\t\t\t\t<\/div>\n\t\t<\/section>\n\t\t\t\t\t\t\t<\/div>\n\t\t","protected":false},"excerpt":{"rendered":"<p>PHYSIOEVOLUTION &#8220;Somos un equipo de fisioterapeutas comprometidos con las necesidades de cada uno de nuestros pacientes, proporcionando un tratamiento personalizado para cada uno de ellos&#8221; IDENTIFICA TU NECESIDAD Fisioterapia piso p\u00e9lvico Especialidad dedicada a prevenir y tratar disfunciones de la musculatura p\u00e9lviperinial, que se puede&#8230; Read More Fisioterapia pedi\u00e1trica Dirigida a prevenir y corregir alteraciones &hellip;<\/p>\n<p class=\"read-more\"> <a class=\"\" href=\"https:\/\/physioevolutionmx.com\/\"> <span class=\"screen-reader-text\">INICIO<\/span> Read More &raquo;<\/a><\/p>\n","protected":false},"author":4,"featured_media":0,"parent":0,"menu_order":0,"comment_status":"closed","ping_status":"closed","template":"","meta":{"site-sidebar-layout":"no-sidebar","site-content-layout":"page-builder","ast-site-content-layout":"","site-content-style":"default","site-sidebar-style":"default","ast-global-header-display":"","ast-banner-title-visibility":"","ast-main-header-display":"","ast-hfb-above-header-display":"","ast-hfb-below-header-display":"","ast-hfb-mobile-header-display":"","site-post-title":"disabled","ast-breadcrumbs-content":"","ast-featured-img":"disabled","footer-sml-layout":"","theme-transparent-header-meta":"enabled","adv-header-id-meta":"","stick-header-meta":"","header-above-stick-meta":"","header-main-stick-meta":"","header-below-stick-meta":"","astra-migrate-meta-layouts":"","ast-page-background-enabled":"default","ast-page-background-meta":{"desktop":{"background-color":"var(--ast-global-color-4)","background-image":"","background-repeat":"repeat","background-position":"center center","background-size":"auto","background-attachment":"scroll","background-type":"","background-media":"","overlay-type":"","overlay-color":"","overlay-gradient":""},"tablet":{"background-color":"","background-image":"","background-repeat":"repeat","background-position":"center center","background-size":"auto","background-attachment":"scroll","background-type":"","background-media":"","overlay-type":"","overlay-color":"","overlay-gradient":""},"mobile":{"background-color":"","background-image":"","background-repeat":"repeat","background-position":"center center","background-size":"auto","background-attachment":"scroll","background-type":"","background-media":"","overlay-type":"","overlay-color":"","overlay-gradient":""}},"ast-content-background-meta":{"desktop":{"background-color":"var(--ast-global-color-5)","background-image":"","background-repeat":"repeat","background-position":"center center","background-size":"auto","background-attachment":"scroll","background-type":"","background-media":"","overlay-type":"","overlay-color":"","overlay-gradient":""},"tablet":{"background-color":"var(--ast-global-color-5)","background-image":"","background-repeat":"repeat","background-position":"center center","background-size":"auto","background-attachment":"scroll","background-type":"","background-media":"","overlay-type":"","overlay-color":"","overlay-gradient":""},"mobile":{"background-color":"var(--ast-global-color-5)","background-image":"","background-repeat":"repeat","background-position":"center center","background-size":"auto","background-attachment":"scroll","background-type":"","background-media":"","overlay-type":"","overlay-color":"","overlay-gradient":""}},"footnotes":""},"class_list":["post-11","page","type-page","status-publish","hentry"],"_links":{"self":[{"href":"https:\/\/physioevolutionmx.com\/index.php\/wp-json\/wp\/v2\/pages\/11","targetHints":{"allow":["GET"]}}],"collection":[{"href":"https:\/\/physioevolutionmx.com\/index.php\/wp-json\/wp\/v2\/pages"}],"about":[{"href":"https:\/\/physioevolutionmx.com\/index.php\/wp-json\/wp\/v2\/types\/page"}],"author":[{"embeddable":true,"href":"https:\/\/physioevolutionmx.com\/index.php\/wp-json\/wp\/v2\/users\/4"}],"replies":[{"embeddable":true,"href":"https:\/\/physioevolutionmx.com\/index.php\/wp-json\/wp\/v2\/comments?post=11"}],"version-history":[{"count":149,"href":"https:\/\/physioevolutionmx.com\/index.php\/wp-json\/wp\/v2\/pages\/11\/revisions"}],"predecessor-version":[{"id":1792,"href":"https:\/\/physioevolutionmx.com\/index.php\/wp-json\/wp\/v2\/pages\/11\/revisions\/1792"}],"wp:attachment":[{"href":"https:\/\/physioevolutionmx.com\/index.php\/wp-json\/wp\/v2\/media?parent=11"}],"curies":[{"name":"wp","href":"https:\/\/api.w.org\/{rel}","templated":true}]}}